{"id":3,"date":"2022-05-22T21:54:47","date_gmt":"2022-05-22T13:54:47","guid":{"rendered":"https:\/\/moerhai.com\/?page_id=3"},"modified":"2025-04-28T18:09:45","modified_gmt":"2025-04-28T10:09:45","slug":"privacy-policy","status":"publish","type":"page","link":"https:\/\/moerhai.com\/es\/privacy-policy\/","title":{"rendered":"pol\u00edtica de privacidad"},"content":{"rendered":"<h2 class=\"wp-block-heading\">Qui\u00e9nes somos.<\/h2><p>La direcci\u00f3n de nuestro sitio web es: https:\/\/moerhai.com.<\/p><h2 class=\"wp-block-heading\">Qu\u00e9 y por qu\u00e9 recopilamos datos personales<\/h2><h3 class=\"wp-block-heading\">comentarios<\/h3><p>Cuando un visitante deja un comentario, recopilamos los datos que aparecen en el formulario de comentarios, junto con la direcci\u00f3n IP del visitante y la cadena de agentes de usuario del navegador para ayudar a comprobar si hay spam.<\/p><p>Una cadena an\u00f3nima (tambi\u00e9n conocida como hash) generada a partir de su direcci\u00f3n de correo electr\u00f3nico puede ser proporcionada al servicio Gravatar para confirmar su uso del servicio. La pol\u00edtica de privacidad del servicio Gravatar est\u00e1 aqu\u00ed: https:\/\/automattic.com\/privacy\/. Tras la aprobaci\u00f3n de su comentario, su foto de perfil se mostrar\u00e1 p\u00fablicamente junto a su comentario.<\/p><h3 class=\"wp-block-heading\">medios de comunicaci\u00f3n, especialmente los informativos<\/h3><p>Si carga im\u00e1genes en este sitio web, evite hacerlo con informaci\u00f3n de geolocalizaci\u00f3n incrustada (EXIF GPS). Los visitantes de este sitio podr\u00e1n descargar y extraer informaci\u00f3n de localizaci\u00f3n de las im\u00e1genes de este sitio.<\/p><h3 class=\"wp-block-heading\">Formulario de contacto<\/h3><h3 class=\"wp-block-heading\">Cookies<\/h3><p>Si deja un comentario en nuestro sitio, puede elegir que su nombre, direcci\u00f3n de correo electr\u00f3nico y sitio web se guarden con cookies. Esto es para su comodidad, ya que le permite comentar sin tener que rellenar de nuevo los campos correspondientes. Estas cookies se conservan durante un a\u00f1o.<\/p><p>Si visita nuestra p\u00e1gina de inicio de sesi\u00f3n, instalamos una cookie temporal para confirmar que su navegador acepta cookies. esta cookie no contiene datos personales y se descarta cuando cierra su navegador.<\/p><p>Cuando inicia sesi\u00f3n, tambi\u00e9n instalamos varias cookies para almacenar su informaci\u00f3n de inicio de sesi\u00f3n y las opciones de visualizaci\u00f3n en pantalla. Las cookies de inicio de sesi\u00f3n se conservan durante dos d\u00edas y las de opciones de pantalla, durante un a\u00f1o. Si selecciona \u201cRecordarme\u201d, sus datos de acceso se conservar\u00e1n durante quince d\u00edas. Si cierra la sesi\u00f3n, se eliminar\u00e1n las cookies de inicio de sesi\u00f3n.<\/p><p>Si edita o publica un art\u00edculo, guardaremos una cookie adicional en su navegador. esta cookie no contiene datos personales, sino s\u00f3lo el ID del art\u00edculo que acaba de editar. esta cookie se guardar\u00e1 durante un d\u00eda.<\/p><h3 class=\"wp-block-heading\">Contenido incrustado de otros sitios<\/h3><p>Los art\u00edculos de este sitio pueden incluir contenido incrustado (por ejemplo, v\u00eddeos, im\u00e1genes, art\u00edculos, etc.). El contenido incrustado de otros sitios se comporta de la misma manera que si los visitara directamente.<\/p><p>Estos sitios pueden recopilar datos sobre usted, utilizar cookies, incrustar programas de seguimiento adicionales de terceros y supervisar sus interacciones con dicho contenido incrustado, incluido el seguimiento de sus interacciones con el contenido incrustado cuando tiene una cuenta y ha iniciado sesi\u00f3n en estos sitios.<\/p><h3 class=\"wp-block-heading\">estad\u00edsticos<\/h3><h2 class=\"wp-block-heading\">Con qui\u00e9n compartimos su informaci\u00f3n<\/h2><p>Si solicita un restablecimiento de contrase\u00f1a, su direcci\u00f3n IP se incluir\u00e1 en el correo electr\u00f3nico de restablecimiento de contrase\u00f1a.<\/p><h2 class=\"wp-block-heading\">Cu\u00e1nto tiempo conservamos sus datos<\/h2><p>Si deja un comentario, el comentario y sus metadatos se almacenar\u00e1n indefinidamente. Hacemos esto para poder reconocer y aprobar autom\u00e1ticamente cualquier comentario posterior sin a\u00f1adirlo a la cola de pendientes.<\/p><p>Para los usuarios registrados de este sitio, tambi\u00e9n almacenamos la informaci\u00f3n personal proporcionada por los usuarios en sus perfiles. Todos los usuarios pueden ver, editar o borrar su informaci\u00f3n personal en cualquier momento (excepto que no pueden cambiar su nombre de usuario), y los administradores del sitio tambi\u00e9n pueden ver y editar esa informaci\u00f3n.<\/p><h2 class=\"wp-block-heading\">Cu\u00e1les son sus derechos en relaci\u00f3n con su informaci\u00f3n<\/h2><p>Si tiene una cuenta en este sitio, o alguna vez ha dejado una opini\u00f3n, puede solicitar que le proporcionemos un archivo de exportaci\u00f3n de los datos personales que tenemos sobre usted, que incluya tambi\u00e9n todos los datos que nos ha facilitado. Tambi\u00e9n puede pedirnos que borremos todos sus datos personales. Esto no incluye los datos que debamos conservar con fines administrativos, normativos o de seguridad.<\/p><h2 class=\"wp-block-heading\">D\u00f3nde enviamos su informaci\u00f3n<\/h2><p>Los comentarios de los invitados pueden ser revisados por servicios automatizados de control de comentarios spam.<\/p><h2 class=\"wp-block-heading\">Sus datos de contacto<\/h2><h2 class=\"wp-block-heading\">Informaci\u00f3n adicional<\/h2><h3 class=\"wp-block-heading\">C\u00f3mo protegemos sus datos<\/h3><h3 class=\"wp-block-heading\">\u00bfQu\u00e9 tipo de proceso de gesti\u00f3n de la violaci\u00f3n de datos tenemos en marcha?<\/h3><h3 class=\"wp-block-heading\">De qu\u00e9 terceros recibimos datos<\/h3><h3 class=\"wp-block-heading\">Qu\u00e9 tipo de toma de decisiones automatizada y\/o generalizaci\u00f3n hacemos con los datos de los usuarios<\/h3><h3 class=\"wp-block-heading\">Requisitos reglamentarios de divulgaci\u00f3n del sector<\/h3>","protected":false},"excerpt":{"rendered":"<p>\u6211\u4eec\u662f\u8c01 \u6211\u4eec\u7684\u7ad9\u70b9\u5730\u5740\u662f\uff1ahttps:\/\/moerhai.com\u3002 \u6211\u4eec\u6536\u96c6\u4f55\u79cd\u53ca\u4e3a\u4f55\u6536\u96c6\u4e2a\u4eba\u6570\u636e \u8bc4\u8bba \u5f53 [&hellip;]<\/p>","protected":false},"author":1,"featured_media":0,"parent":0,"menu_order":0,"comment_status":"closed","ping_status":"open","template":"","meta":{"_seopress_robots_primary_cat":"","_seopress_titles_title":"","_seopress_titles_desc":"","_seopress_robots_index":"","footnotes":""},"class_list":["post-3","page","type-page","status-publish","hentry"],"_links":{"self":[{"href":"https:\/\/moerhai.com\/es\/wp-json\/wp\/v2\/pages\/3","targetHints":{"allow":["GET"]}}],"collection":[{"href":"https:\/\/moerhai.com\/es\/wp-json\/wp\/v2\/pages"}],"about":[{"href":"https:\/\/moerhai.com\/es\/wp-json\/wp\/v2\/types\/page"}],"author":[{"embeddable":true,"href":"https:\/\/moerhai.com\/es\/wp-json\/wp\/v2\/users\/1"}],"replies":[{"embeddable":true,"href":"https:\/\/moerhai.com\/es\/wp-json\/wp\/v2\/comments?post=3"}],"version-history":[{"count":0,"href":"https:\/\/moerhai.com\/es\/wp-json\/wp\/v2\/pages\/3\/revisions"}],"wp:attachment":[{"href":"https:\/\/moerhai.com\/es\/wp-json\/wp\/v2\/media?parent=3"}],"curies":[{"name":"wp","href":"https:\/\/api.w.org\/{rel}","templated":true}]}}